{"id":24212,"date":"2012-01-12T05:20:44","date_gmt":"2012-01-12T09:50:44","guid":{"rendered":"http:\/\/piel-l.org\/blog\/?page_id=24212"},"modified":"2017-08-21T09:12:44","modified_gmt":"2017-08-21T13:42:44","slug":"secciones","status":"publish","type":"page","link":"https:\/\/piel-l.org\/blog\/secciones","title":{"rendered":"Secciones"},"content":{"rendered":"<li class=\"categories\">Categor\u00edas<ul>\t<li class=\"cat-item cat-item-625\"><a href=\"https:\/\/piel-l.org\/blog\/category\/atlas-de-dermatologia-tropical\">Atlas de Dermatolog\u00eda Tropical<\/a>\n<\/li>\n\t<li class=\"cat-item cat-item-621\"><a href=\"https:\/\/piel-l.org\/blog\/category\/casos-clinicos\">Casos Cl\u00ednicos<\/a>\n<ul class='children'>\n\t<li class=\"cat-item cat-item-2\"><a href=\"https:\/\/piel-l.org\/blog\/category\/casos-clinicos\/caso-clinico-reto-terapeutico\">Caso Cl\u00ednico<\/a>\n<\/li>\n\t<li class=\"cat-item cat-item-29\"><a href=\"https:\/\/piel-l.org\/blog\/category\/casos-clinicos\/caso-de-la-semana\">Caso de la semana<\/a>\n<\/li>\n\t<li class=\"cat-item cat-item-614\"><a href=\"https:\/\/piel-l.org\/blog\/category\/casos-clinicos\/desde-el-postgrado\" title=\"Casos cl\u00ednicos para discusi\u00f3n Ricardo Perez Alfonzo, William Ortiz\">Desde el postgrado<\/a>\n<\/li>\n\t<li class=\"cat-item cat-item-51\"><a href=\"https:\/\/piel-l.org\/blog\/category\/casos-clinicos\/casos-pendientes-cierres-de-casos\">Pendientes \/ Cierres<\/a>\n<\/li>\n<\/ul>\n<\/li>\n\t<li class=\"cat-item cat-item-11\"><a href=\"https:\/\/piel-l.org\/blog\/category\/secciones-de-colaboradores\">COLABORADORES<\/a>\n<ul class='children'>\n\t<li class=\"cat-item cat-item-37\"><a href=\"https:\/\/piel-l.org\/blog\/category\/secciones-de-colaboradores\/acne-y-enfermedades-relacionadas\">Acn\u00e9 y enfermedades relacionadas<\/a>\n<\/li>\n\t<li class=\"cat-item cat-item-46\"><a href=\"https:\/\/piel-l.org\/blog\/category\/secciones-de-colaboradores\/arco-iris\" title=\"Arco Iris,  por las siguientes razones:\r\n1. Es un fen\u00f3meno f\u00edsico que tiene explicaci\u00f3n cient\u00c3\u00adfica (me gusta que sea cient\u00ed\u00adfico)\r\n2. Es muy amplio, grande (y le cabe de todo..) \r\n3. Tiene muchos colores ( y por supuesto diferentes temas...)\r\n\">Arco Iris<\/a>\n<\/li>\n\t<li class=\"cat-item cat-item-613\"><a href=\"https:\/\/piel-l.org\/blog\/category\/secciones-de-colaboradores\/arte-y-ciencia-en-fotodermatologia\">Arte y ciencia en fotodermatolog\u00eda<\/a>\n<\/li>\n\t<li class=\"cat-item cat-item-579\"><a href=\"https:\/\/piel-l.org\/blog\/category\/secciones-de-colaboradores\/atlas-de-dermatologia\">Atlas de Dermatolog\u00eda<\/a>\n<\/li>\n\t<li class=\"cat-item cat-item-568\"><a href=\"https:\/\/piel-l.org\/blog\/category\/secciones-de-colaboradores\/foro-de-capitulos-del-cilad\">Cap\u00edtulos del CILAD<\/a>\n<\/li>\n\t<li class=\"cat-item cat-item-565\"><a href=\"https:\/\/piel-l.org\/blog\/category\/secciones-de-colaboradores\/foro-de-cirugia-oncologia-y-nuevas-tecnologias\">Cirug\u00eda Dermatol\u00f3gica<\/a>\n<\/li>\n\t<li class=\"cat-item cat-item-5\"><a href=\"https:\/\/piel-l.org\/blog\/category\/secciones-de-colaboradores\/close-up\" title=\"Secci\u00f3n Boliviana-Venezolana coordinada por Juan carlos DIEZ DE MEDINA\">Close-UP<\/a>\n<\/li>\n\t<li class=\"cat-item cat-item-317\"><a href=\"https:\/\/piel-l.org\/blog\/category\/secciones-de-colaboradores\/colagenopatia-al-dia\" title=\"Coordinado por Dra. Maria Bibiana Leroux \r\nRosario\/Argentina \">Colagenopat\u00eda al d\u00eda<\/a>\n<\/li>\n\t<li class=\"cat-item cat-item-40\"><a href=\"https:\/\/piel-l.org\/blog\/category\/secciones-de-colaboradores\/como-lo-hago\" title=\"Secci\u00f3n Italo-Venezolana coordinada por Vito Abrusci\">C\u00f3mo lo hago?<\/a>\n<\/li>\n\t<li class=\"cat-item cat-item-610\"><a href=\"https:\/\/piel-l.org\/blog\/category\/secciones-de-colaboradores\/conociendo-los-biologicos\">Conociendo los Biol\u00f3gicos<\/a>\n<\/li>\n\t<li class=\"cat-item cat-item-25\"><a href=\"https:\/\/piel-l.org\/blog\/category\/secciones-de-colaboradores\/consulte-a-un-colega\" title=\"Secci\u00f3n abierta a todos aquellos suscriptores que tengan una dificultad diagn\u00f3stica o terapeutica de un paciente que manejan y desean oir las opiniones de colegas m\u00e9dicos.\">Consulte a un colega<\/a>\n<\/li>\n\t<li class=\"cat-item cat-item-22\"><a href=\"https:\/\/piel-l.org\/blog\/category\/secciones-de-colaboradores\/de-bitacoramedica\" title=\"Secci\u00f3n Venezolana coordinada por Francisco Kerdel-Vegas\">De Bitacoramedica<\/a>\n<\/li>\n\t<li class=\"cat-item cat-item-36\"><a href=\"https:\/\/piel-l.org\/blog\/category\/secciones-de-colaboradores\/de-mi-archivo-dermatopatologico\" title=\"Secci\u00f3n Venezolana Coordinada por Guillermo Planas Gir\u00f3n\">De mi archivo Dermatopatol\u00f3gico<\/a>\n<\/li>\n\t<li class=\"cat-item cat-item-50\"><a href=\"https:\/\/piel-l.org\/blog\/category\/secciones-de-colaboradores\/de-mi-experiencia\">De mi experiencia<\/a>\n<\/li>\n\t<li class=\"cat-item cat-item-626\"><a href=\"https:\/\/piel-l.org\/blog\/category\/secciones-de-colaboradores\/de-mirador-salud\">De Mirador Salud<\/a>\n<\/li>\n\t<li class=\"cat-item cat-item-612\"><a href=\"https:\/\/piel-l.org\/blog\/category\/secciones-de-colaboradores\/ultimas-noticias\">DermaNews<\/a>\n<\/li>\n\t<li class=\"cat-item cat-item-41\"><a href=\"https:\/\/piel-l.org\/blog\/category\/secciones-de-colaboradores\/dermatitis-de-contacto\" title=\"Secci\u00f3n venezolana coordinada por Maria Cristina di Prisco\">Dermatitis de Contacto<\/a>\n<\/li>\n\t<li class=\"cat-item cat-item-607\"><a href=\"https:\/\/piel-l.org\/blog\/category\/secciones-de-colaboradores\/dermatologia-con-amor\">Dermatolog\u00eda con amor<\/a>\n<\/li>\n\t<li class=\"cat-item cat-item-52\"><a href=\"https:\/\/piel-l.org\/blog\/category\/secciones-de-colaboradores\/dermatocosmetica\">Dermatolog\u00eda Cosm\u00e9tica<\/a>\n<\/li>\n\t<li class=\"cat-item cat-item-7\"><a href=\"https:\/\/piel-l.org\/blog\/category\/secciones-de-colaboradores\/dermatologia-en-cuadros\">Dermatolog\u00eda en Cuadros<\/a>\n<\/li>\n\t<li class=\"cat-item cat-item-20\"><a href=\"https:\/\/piel-l.org\/blog\/category\/secciones-de-colaboradores\/dermatologia-pediatrica\" title=\"Secci\u00f3n Venezolana coordinada por Francisco Gonzalez Otero\">Dermatolog\u00eda Pedi\u00e1trica<\/a>\n<\/li>\n\t<li class=\"cat-item cat-item-9\"><a href=\"https:\/\/piel-l.org\/blog\/category\/secciones-de-colaboradores\/dermatologia-y-arte\" title=\"Secci\u00f3n venezolana coordinada por Raquel Ramos\">Dermatolog\u00eda y Arte<\/a>\n<\/li>\n\t<li class=\"cat-item cat-item-375\"><a href=\"https:\/\/piel-l.org\/blog\/category\/secciones-de-colaboradores\/dermatoscopia-en-el-consultorio\" title=\"Secci\u00f3n Venezolana coordinada por el Dr. Miguel L\u00f3pez\">Dermatoscopia en el consultorio<\/a>\n<\/li>\n\t<li class=\"cat-item cat-item-635\"><a href=\"https:\/\/piel-l.org\/blog\/category\/secciones-de-colaboradores\/dermobiota\">Dermobiota<\/a>\n<\/li>\n\t<li class=\"cat-item cat-item-17\"><a href=\"https:\/\/piel-l.org\/blog\/category\/secciones-de-colaboradores\/midrash\" title=\"Coordinado por el Dr. Mauricio Goihman\">Deutero &#8211; Midrash<\/a>\n<\/li>\n\t<li class=\"cat-item cat-item-15\"><a href=\"https:\/\/piel-l.org\/blog\/category\/secciones-de-colaboradores\/editorial\">Editorial<\/a>\n<\/li>\n\t<li class=\"cat-item cat-item-12\"><a href=\"https:\/\/piel-l.org\/blog\/category\/secciones-de-colaboradores\/el-escalpelo-de-la-piel\" title=\"Secci\u00f3n Venezolana Coordinada por Jos\u00e9 Rafael Sardi B.\">El escalpelo de la piel<\/a>\n<\/li>\n\t<li class=\"cat-item cat-item-30\"><a href=\"https:\/\/piel-l.org\/blog\/category\/secciones-de-colaboradores\/el-librero\" title=\"Secci\u00f3n Venezolana Coordinada por Guillermo Planas Gir\u00f3n\">El Librero<\/a>\n<\/li>\n\t<li class=\"cat-item cat-item-598\"><a href=\"https:\/\/piel-l.org\/blog\/category\/secciones-de-colaboradores\/enfermedades-de-la-boca\" title=\"Coordinado por Dra. Mariana Villarroel Dorego\">Enfermedades de la boca<\/a>\n<\/li>\n\t<li class=\"cat-item cat-item-24\"><a href=\"https:\/\/piel-l.org\/blog\/category\/secciones-de-colaboradores\/enfermedades_tropicales\" title=\"Secci\u00f3n Venezolana Coordinada por Nacarid Aranzazu y Olga Zerpa\">Enfermedades Tropicales<\/a>\n<\/li>\n\t<li class=\"cat-item cat-item-21\"><a href=\"https:\/\/piel-l.org\/blog\/category\/secciones-de-colaboradores\/esculpiendo-con-el-bisturi\" title=\"Secci\u00f3n Salvadore\u00f1o-Venezolana coordinada por Jos\u00e9 Enrique Hern\u00e1ndez P\u00e9rez\">Esculpiendo con el Bistur\u00ed<\/a>\n<\/li>\n\t<li class=\"cat-item cat-item-38\"><a href=\"https:\/\/piel-l.org\/blog\/category\/secciones-de-colaboradores\/estomatologia\" title=\"Le damos la bienvenida a nuestros colegas Paraguayos Antonio Guzm\u00e1n Fawcet y Dulce Mar\u00ed\u00ada Duarte por la nueva secci\u00f3n que hoy estamos estrenando en Piel latinoamericana. Adelante Poeta\">Estomatolog\u00ed\u00ada<\/a>\n<\/li>\n\t<li class=\"cat-item cat-item-14\"><a href=\"https:\/\/piel-l.org\/blog\/category\/secciones-de-colaboradores\/farmacologia\" title=\"Secci\u00f3n Venezolana coordinada por Juan Chassaigne\">Farmacolog\u00eda<\/a>\n<\/li>\n\t<li class=\"cat-item cat-item-31\"><a href=\"https:\/\/piel-l.org\/blog\/category\/secciones-de-colaboradores\/fichas-bibliograficas\">Fichas Bibliogr\u00e1ficas<\/a>\n<\/li>\n\t<li class=\"cat-item cat-item-445\"><a href=\"https:\/\/piel-l.org\/blog\/category\/secciones-de-colaboradores\/foro-dermatopatologico\">Foro Dermatopatol\u00f3gico<\/a>\n<\/li>\n\t<li class=\"cat-item cat-item-510\"><a href=\"https:\/\/piel-l.org\/blog\/category\/secciones-de-colaboradores\/fotobiologia\">Fotobiolog\u00eda<\/a>\n<\/li>\n\t<li class=\"cat-item cat-item-615\"><a href=\"https:\/\/piel-l.org\/blog\/category\/secciones-de-colaboradores\/gala\">GALA<\/a>\n<\/li>\n\t<li class=\"cat-item cat-item-580\"><a href=\"https:\/\/piel-l.org\/blog\/category\/secciones-de-colaboradores\/galeria-de-curiosidades\">Galer\u00eda de curiosidades<\/a>\n<\/li>\n\t<li class=\"cat-item cat-item-611\"><a href=\"https:\/\/piel-l.org\/blog\/category\/secciones-de-colaboradores\/gerenciando-la-salud\">Gerenciando la salud<\/a>\n<\/li>\n\t<li class=\"cat-item cat-item-619\"><a href=\"https:\/\/piel-l.org\/blog\/category\/secciones-de-colaboradores\/gilergilea\">Giler\/Gilea<\/a>\n<\/li>\n\t<li class=\"cat-item cat-item-85\"><a href=\"https:\/\/piel-l.org\/blog\/category\/secciones-de-colaboradores\/historia_y_personajes\" title=\"Secci\u00f3n venezolana coordinada por Amalia Panzarelli\">Historia y Personajes<\/a>\n<\/li>\n\t<li class=\"cat-item cat-item-401\"><a href=\"https:\/\/piel-l.org\/blog\/category\/secciones-de-colaboradores\/informatica-en-gotas\" title=\"Seccion coordinada por Jose Hernandez\">Inform\u00e1tica en gotas<\/a>\n<\/li>\n\t<li class=\"cat-item cat-item-16\"><a href=\"https:\/\/piel-l.org\/blog\/category\/secciones-de-colaboradores\/inmunodermatologia\" title=\"Secci\u00f3n Venezolana coordinada por Felix J. Tapia\">Inmunodermatolog\u00eda<\/a>\n<\/li>\n\t<li class=\"cat-item cat-item-35\"><a href=\"https:\/\/piel-l.org\/blog\/category\/secciones-de-colaboradores\/brasilero-venezolana\" title=\"Secci\u00f3n Brasilero-venezolana coordinada por George B. LEAL JR \">Integraci\u00f3n Brasilero-Venezolana<\/a>\n<\/li>\n\t<li class=\"cat-item cat-item-447\"><a href=\"https:\/\/piel-l.org\/blog\/category\/secciones-de-colaboradores\/journal-club\">Journal Club<\/a>\n<\/li>\n\t<li class=\"cat-item cat-item-135\"><a href=\"https:\/\/piel-l.org\/blog\/category\/secciones-de-colaboradores\/historia-de-la-dermatologia\" title=\"Coordinada por Amalia Panzarelli\">La Dermatolog\u00eda en la historia<\/a>\n<\/li>\n\t<li class=\"cat-item cat-item-606\"><a href=\"https:\/\/piel-l.org\/blog\/category\/secciones-de-colaboradores\/la-piel-a-traves-del-microscopio\">La piel a trav\u00e9s del microscopio<\/a>\n<\/li>\n\t<li class=\"cat-item cat-item-567\"><a href=\"https:\/\/piel-l.org\/blog\/category\/secciones-de-colaboradores\/lo-que-no-debe-pasar\">Lo que no debe pasar<\/a>\n<\/li>\n\t<li class=\"cat-item cat-item-258\"><a href=\"https:\/\/piel-l.org\/blog\/category\/secciones-de-colaboradores\/los-casos-de-patricia\" title=\"Coordinada por la Dra. Patricia Chang de Ciudad de Guatemala\">Los Casos de Patricia<\/a>\n<\/li>\n\t<li class=\"cat-item cat-item-415\"><a href=\"https:\/\/piel-l.org\/blog\/category\/secciones-de-colaboradores\/melanoma-al-dia\" title=\"Coordinada por el Dr. Wilmer Ramos\">Melanoma al d\u00eda<\/a>\n<\/li>\n\t<li class=\"cat-item cat-item-13\"><a href=\"https:\/\/piel-l.org\/blog\/category\/secciones-de-colaboradores\/micopiel\" title=\"Secci\u00f3n Venezolana coordinada por Fernando G\u00f3mez Daza\">Micopiel<\/a>\n<\/li>\n\t<li class=\"cat-item cat-item-244\"><a href=\"https:\/\/piel-l.org\/blog\/category\/secciones-de-colaboradores\/museo-olavide\" title=\"Coordinada por Profesor Luis Conde Salazar.\r\nSe presentan las figuras del Museo Olavide. \r\n\">Museo Olavide<\/a>\n<\/li>\n\t<li class=\"cat-item cat-item-53\"><a href=\"https:\/\/piel-l.org\/blog\/category\/secciones-de-colaboradores\/nutricion-y-piel\">Nutrici\u00f3n y Piel<\/a>\n<\/li>\n\t<li class=\"cat-item cat-item-650\"><a href=\"https:\/\/piel-l.org\/blog\/category\/secciones-de-colaboradores\/perlas-dermatologicas\" title=\"Perlas de Jaime Piquero-Mart\u00edn\">Perlas dermatol\u00f3gicas<\/a>\n<\/li>\n\t<li class=\"cat-item cat-item-44\"><a href=\"https:\/\/piel-l.org\/blog\/category\/secciones-de-colaboradores\/poesia-y-prosa\">Poes\u00ed\u00ada y prosa<\/a>\n<\/li>\n\t<li class=\"cat-item cat-item-653\"><a href=\"https:\/\/piel-l.org\/blog\/category\/secciones-de-colaboradores\/ponte-en-mi-piel\">Ponte en mi piel<\/a>\n<\/li>\n\t<li class=\"cat-item cat-item-252\"><a href=\"https:\/\/piel-l.org\/blog\/category\/secciones-de-colaboradores\/psicodermatosis\" title=\"Secci\u00f3n coordinada por la Dra. Elisa Cubilla\">PSICODERMATOSIS<\/a>\n<\/li>\n\t<li class=\"cat-item cat-item-276\"><a href=\"https:\/\/piel-l.org\/blog\/category\/secciones-de-colaboradores\/psoriasis-y-eccema\" title=\"William Abramovits , Profesor Clinico Asistente, The University of Texas Southwestern  Medical School &amp;\nProfesor, Baylor University Medical Center, Dallas, Texas. M\u00c3\u00a9dico graduado en la Universidad Central de Venezuela. Ha planteado realizar un m\u00c3\u00b3dulo al estilo de los noticieros de enfermedades inflamatorias de la piel, especificamente Psoriasis &amp; Eccema. \">Psoriasis al d\u00eda<\/a>\n<\/li>\n\t<li class=\"cat-item cat-item-620\"><a href=\"https:\/\/piel-l.org\/blog\/category\/secciones-de-colaboradores\/psoriasis-en-nino\">Psoriasis en ni\u00f1o<\/a>\n<\/li>\n\t<li class=\"cat-item cat-item-564\"><a href=\"https:\/\/piel-l.org\/blog\/category\/secciones-de-colaboradores\/publicaciones\">Publicaciones<\/a>\n<\/li>\n\t<li class=\"cat-item cat-item-33\"><a href=\"https:\/\/piel-l.org\/blog\/category\/secciones-de-colaboradores\/retosasocolderma\" title=\"Secci\u00f3n Colombo-venezolana coordinada por Jairo Mesa Cock\">Retos ASOCOLDERMA<\/a>\n<\/li>\n\t<li class=\"cat-item cat-item-18\"><a href=\"https:\/\/piel-l.org\/blog\/category\/secciones-de-colaboradores\/siladepa-al-dia\" title=\"Secci\u00f3n Boliviano-Venezolana coordinada por Martin SANGUEZA\">Siladepa al dia<\/a>\n<\/li>\n\t<li class=\"cat-item cat-item-609\"><a href=\"https:\/\/piel-l.org\/blog\/category\/secciones-de-colaboradores\/terapeutica-dermatologica\">Terap\u00e9utica Dermatol\u00f3gica<\/a>\n<\/li>\n\t<li class=\"cat-item cat-item-622\"><a href=\"https:\/\/piel-l.org\/blog\/category\/secciones-de-colaboradores\/trastornos-de-la-pigmentacion\">Trastornos de la pigmentaci\u00f3n<\/a>\n<\/li>\n\t<li class=\"cat-item cat-item-76\"><a href=\"https:\/\/piel-l.org\/blog\/category\/secciones-de-colaboradores\/tricologia\" title=\"Equipo interdisciplinario e internacional dedicado al estudio de la tricolog\u00eda.\">Tricolog\u00eda<\/a>\n<\/li>\n\t<li class=\"cat-item cat-item-26\"><a href=\"https:\/\/piel-l.org\/blog\/category\/secciones-de-colaboradores\/unas-y-pelos\" title=\"Secci\u00f3n Venezolana coordinada por Antonio Rond\u00f3n Lugo y Natilse Rond\u00f3n Lares\">U\u00f1as y Pelos<\/a>\n<\/li>\n\t<li class=\"cat-item cat-item-446\"><a href=\"https:\/\/piel-l.org\/blog\/category\/secciones-de-colaboradores\/ventana-molecular\">Ventana Molecular<\/a>\n<\/li>\n\t<li class=\"cat-item cat-item-389\"><a href=\"https:\/\/piel-l.org\/blog\/category\/secciones-de-colaboradores\/vitrina\">Vitrina<\/a>\n<\/li>\n\t<li class=\"cat-item cat-item-132\"><a href=\"https:\/\/piel-l.org\/blog\/category\/secciones-de-colaboradores\/como-trataria-usted\" title=\"Coordinado por los Dres Nayrin Sunico, Faddy Graterol y Ricardo Perez Alfonzo\">\u00bfC\u00f3mo  tratar\u00ed\u00ada usted?<\/a>\n<\/li>\n<\/ul>\n<\/li>\n\t<li class=\"cat-item cat-item-1\"><a href=\"https:\/\/piel-l.org\/blog\/category\/generales\">De Inter\u00e9s<\/a>\n<ul class='children'>\n\t<li class=\"cat-item cat-item-8\"><a href=\"https:\/\/piel-l.org\/blog\/category\/generales\/articulos-cientificos\">Art\u00edculos Cient\u00edficos<\/a>\n<\/li>\n\t<li class=\"cat-item cat-item-127\"><a href=\"https:\/\/piel-l.org\/blog\/category\/generales\/gtd-seccion-venezuela\">ATD Venezuela<\/a>\n<\/li>\n\t<li class=\"cat-item cat-item-534\"><a href=\"https:\/\/piel-l.org\/blog\/category\/generales\/cilad-generales\">Cilad<\/a>\n<\/li>\n\t<li class=\"cat-item cat-item-48\"><a href=\"https:\/\/piel-l.org\/blog\/category\/generales\/comunicaciones-importantes\">Comunicaciones Importantes<\/a>\n<\/li>\n\t<li class=\"cat-item cat-item-285\"><a href=\"https:\/\/piel-l.org\/blog\/category\/generales\/ecos-de-congresos\">Ecos de Congresos<\/a>\n<\/li>\n\t<li class=\"cat-item cat-item-427\"><a href=\"https:\/\/piel-l.org\/blog\/category\/generales\/edicion-anterior\">Edici\u00f3n Anterior<\/a>\n<\/li>\n\t<li class=\"cat-item cat-item-139\"><a href=\"https:\/\/piel-l.org\/blog\/category\/generales\/el-modulo-de-los-postgrados\">El m\u00f3dulo de los postgrados<\/a>\n<\/li>\n\t<li class=\"cat-item cat-item-10\"><a href=\"https:\/\/piel-l.org\/blog\/category\/generales\/mancheta\">Mancheta &amp; Vi\u00f1eta<\/a>\n<\/li>\n\t<li class=\"cat-item cat-item-19\"><a href=\"https:\/\/piel-l.org\/blog\/category\/generales\/notigalderma\" title=\"Art\u00edculos cient\u00edficos patrocinados por Laboratorios Galderma de Venezuela\">Notigalderma<\/a>\n<\/li>\n\t<li class=\"cat-item cat-item-32\"><a href=\"https:\/\/piel-l.org\/blog\/category\/generales\/obituario\">Obituario<\/a>\n<\/li>\n\t<li class=\"cat-item cat-item-528\"><a href=\"https:\/\/piel-l.org\/blog\/category\/generales\/radla\">Radla<\/a>\n<\/li>\n\t<li class=\"cat-item cat-item-601\"><a href=\"https:\/\/piel-l.org\/blog\/category\/generales\/svderma\">SVDerma<\/a>\n<\/li>\n\t<li class=\"cat-item cat-item-4\"><a href=\"https:\/\/piel-l.org\/blog\/category\/generales\/voz-del-dermatologo\" title=\"Informaci\u00f3n general para todos los lectores de PIEL-L\">Voz del Dermat\u00f3logo<\/a>\n<\/li>\n<\/ul>\n<\/li>\n\t<li class=\"cat-item cat-item-428\"><a href=\"https:\/\/piel-l.org\/blog\/category\/educacion-dermatologica\">Educaci\u00f3n Online<\/a>\n<ul class='children'>\n\t<li class=\"cat-item cat-item-630\"><a href=\"https:\/\/piel-l.org\/blog\/category\/educacion-dermatologica\/conferencias-magistrales\">Conferencias magistrales<\/a>\n<\/li>\n\t<li class=\"cat-item cat-item-633\"><a href=\"https:\/\/piel-l.org\/blog\/category\/educacion-dermatologica\/dermatofitosis-o-tinas\">Dermatofitosis o Ti\u00f1as<\/a>\n<\/li>\n\t<li class=\"cat-item cat-item-627\"><a href=\"https:\/\/piel-l.org\/blog\/category\/educacion-dermatologica\/enfermedades-de-la-unidad-pilosebacea\">Enfermedades de la Unidad Pilosebacea<\/a>\n<\/li>\n\t<li class=\"cat-item cat-item-632\"><a href=\"https:\/\/piel-l.org\/blog\/category\/educacion-dermatologica\/introduccion-a-la-dermatologia\">Introducci\u00f3n a la Dermatolog\u00eda<\/a>\n<\/li>\n\t<li class=\"cat-item cat-item-629\"><a href=\"https:\/\/piel-l.org\/blog\/category\/educacion-dermatologica\/introduccion-a-la-micologia-medica\">Introducci\u00f3n a la micolog\u00eda m\u00e9dica<\/a>\n<\/li>\n\t<li class=\"cat-item cat-item-631\"><a href=\"https:\/\/piel-l.org\/blog\/category\/educacion-dermatologica\/patologia-vulvar\">Patolog\u00eda vulvar<\/a>\n<\/li>\n\t<li class=\"cat-item cat-item-628\"><a href=\"https:\/\/piel-l.org\/blog\/category\/educacion-dermatologica\/psicodermatologia\">Psicodermatolog\u00eda<\/a>\n<\/li>\n<\/ul>\n<\/li>\n\t<li class=\"cat-item cat-item-642\"><a href=\"https:\/\/piel-l.org\/blog\/category\/notas-de-interes\">Notas de inter\u00e9s<\/a>\n<\/li>\n\t<li class=\"cat-item cat-item-574\"><a href=\"https:\/\/piel-l.org\/blog\/category\/seccion-inicial\">Secci\u00f3n Inicial<\/a>\n<ul class='children'>\n\t<li class=\"cat-item cat-item-553\"><a href=\"https:\/\/piel-l.org\/blog\/category\/seccion-inicial\/aportes-del-comite-editorial\">Aportes del Comit\u00e9 Editorial<\/a>\n<\/li>\n\t<li class=\"cat-item cat-item-600\"><a href=\"https:\/\/piel-l.org\/blog\/category\/seccion-inicial\/aportes-mas-comentados-2012\">Aportes m\u00e1s comentados 2012<\/a>\n<\/li>\n\t<li class=\"cat-item cat-item-599\"><a href=\"https:\/\/piel-l.org\/blog\/category\/seccion-inicial\/mas-leidas-2012\">Aportes m\u00e1s leidos 2012<\/a>\n<\/li>\n\t<li class=\"cat-item cat-item-49\"><a href=\"https:\/\/piel-l.org\/blog\/category\/seccion-inicial\/conferencias\">Conferencias<\/a>\n<\/li>\n<\/ul>\n<\/li>\n\t<li class=\"cat-item cat-item-573\"><a href=\"https:\/\/piel-l.org\/blog\/category\/seccion-interactiva\">Secci\u00f3n Interactiva<\/a>\n<ul class='children'>\n\t<li class=\"cat-item cat-item-424\"><a href=\"https:\/\/piel-l.org\/blog\/category\/seccion-interactiva\/que-piensa-usted\" title=\"Seccion de Educaci\u00f3n medica: Esta secci\u00f3n la abrimos a fin de  ordenar los casos remitidos a Piel latinoamericana para consulta diagn\u00f3stica o de manejo de los que nos llegan para educaci\u00f3n m\u00e9dica.\">\u00bfQu\u00e9 piensa usted?<\/a>\n<\/li>\n<\/ul>\n<\/li>\n<\/ul><\/li>\n","protected":false},"excerpt":{"rendered":"","protected":false},"author":16,"featured_media":0,"parent":0,"menu_order":0,"comment_status":"open","ping_status":"open","template":"","meta":{"footnotes":""},"class_list":["post-24212","page","type-page","status-publish",""],"_links":{"self":[{"href":"https:\/\/piel-l.org\/blog\/wp-json\/wp\/v2\/pages\/24212","targetHints":{"allow":["GET"]}}],"collection":[{"href":"https:\/\/piel-l.org\/blog\/wp-json\/wp\/v2\/pages"}],"about":[{"href":"https:\/\/piel-l.org\/blog\/wp-json\/wp\/v2\/types\/page"}],"author":[{"embeddable":true,"href":"https:\/\/piel-l.org\/blog\/wp-json\/wp\/v2\/users\/16"}],"replies":[{"embeddable":true,"href":"https:\/\/piel-l.org\/blog\/wp-json\/wp\/v2\/comments?post=24212"}],"version-history":[{"count":0,"href":"https:\/\/piel-l.org\/blog\/wp-json\/wp\/v2\/pages\/24212\/revisions"}],"wp:attachment":[{"href":"https:\/\/piel-l.org\/blog\/wp-json\/wp\/v2\/media?parent=24212"}],"curies":[{"name":"wp","href":"https:\/\/api.w.org\/{rel}","templated":true}]}}