{"id":24252,"date":"2012-01-12T07:20:09","date_gmt":"2012-01-12T11:50:09","guid":{"rendered":"http:\/\/www2.piel-l.org\/?page_id=24252"},"modified":"2015-07-29T15:14:43","modified_gmt":"2015-07-29T19:44:43","slug":"quienes-somos","status":"publish","type":"page","link":"https:\/\/piel-l.org\/blog\/quienes-somos","title":{"rendered":"\u00bfQui\u00e9nes Somos?"},"content":{"rendered":"<h2><strong>\u00bfQu\u00e9 es PIEL Latinoamericana?<\/strong><\/h2>\n<p><strong>PIEL Latinoamericana<\/strong>, es una publicaci\u00f3n semanal digital de \u00edndole participativa, s\u00f3lo para\u00a0 especialistas en el \u00e1rea de salud de la Piel, co-editada por los Dres Jaime Piquero Mart\u00edn, Rolando Hern\u00e1ndez P\u00e9rez y Felix J. Tapia.<\/p>\n<p>Su estructura informativa se basa en ediciones semanales.<\/p>\n<p>Contamos con dos sub-productos:<\/p>\n<ul>\n<li>El <a href=\"http:\/\/www.piel-l.org\/diccionario\" target=\"_blank\">Diccionario de Dermatolog\u00eda<\/a> tem\u00e1tico del \u201cDr. Tulio Brice\u00f1o Maaz\u201d<\/li>\n<li>La <a href=\"http:\/\/piel-l.org\/libreria\" target=\"_blank\">Librer\u00eda Dermatol\u00f3gica<\/a>.<\/li>\n<\/ul>\n<p><strong>Piel Latinomericana<\/strong> recibe el auspicio\u00a0 de la mayor\u00eda de la mayor\u00eda de las Sociedades Dermatol\u00f3gicas Latinoamericanas, adem\u00e1s del Cilad, Radla y desde noviembre del 2010 de la Academia Espa\u00f1ola de Dermatolog\u00eda.<\/p>\n<p>Adem\u00e1s del auspicio Regional, hemos logrado cohesionar un Comit\u00e9 Editorial y <a href=\"http:\/\/www2.piel-l.org\/columnistas\">Columnistas<\/a> de gran cuant\u00eda en representativididad de los mejores dermatol\u00f3gos de la Regi\u00f3n en un Comit\u00e9 Editorial que desde ya inicia operaciones para mantener la calidad de publicaciones y una discusi\u00f3n de altura como lo requiere este momento de tanta virtualidad en las comunicaciones.<\/p>\n<p><strong>\u00a0Nuestros Valores<\/strong><\/p>\n<p><strong>PIEL-Latinoamericana<\/strong> mantiene su posici\u00f3n indiscutible en el ambiente web 2.0 de discusi\u00f3n m\u00e9dica online entorno a temas dermatol\u00f3gicos.<\/p>\n<p>Mantenemos nuestro esp\u00edritu de apertura para mutua colaboraci\u00f3n de casos cl\u00ednicos y retos terap\u00e9uticos.<\/p>\n<p>Mantenemos nuestro prop\u00f3sito de recibir de todos los colegas sus aportes para ser publicados en nuestras Ediciones.<\/p>\n<p>Mantenemos el libre acceso a la informaci\u00f3n, dejando como privado la discusi\u00f3n de casos cl\u00ednicos como din\u00e1mica que garantiza la privacidad del paciente y la opini\u00f3n del especialista.<\/p>\n<p>Nos mantenemos vigilantes en las nuevas tendencias informativas que nos permite adaptarnos al veloz mundo de las comunicaciones.<\/p>\n<p>&nbsp;<\/p>\n","protected":false},"excerpt":{"rendered":"<p>\u00bfQu\u00e9 es PIEL Latinoamericana? PIEL Latinoamericana, es una publicaci\u00f3n semanal digital de \u00edndole participativa, s\u00f3lo para\u00a0 especialistas en el \u00e1rea de salud de la Piel, co-editada por los Dres Jaime Piquero Mart\u00edn, Rolando Hern\u00e1ndez P\u00e9rez y Felix J. Tapia. Su estructura informativa se basa en ediciones semanales. Contamos con dos sub-productos: El Diccionario de Dermatolog\u00eda &hellip;<\/p>\n","protected":false},"author":16,"featured_media":0,"parent":0,"menu_order":0,"comment_status":"open","ping_status":"open","template":"","meta":{"footnotes":""},"class_list":["post-24252","page","type-page","status-publish",""],"_links":{"self":[{"href":"https:\/\/piel-l.org\/blog\/wp-json\/wp\/v2\/pages\/24252","targetHints":{"allow":["GET"]}}],"collection":[{"href":"https:\/\/piel-l.org\/blog\/wp-json\/wp\/v2\/pages"}],"about":[{"href":"https:\/\/piel-l.org\/blog\/wp-json\/wp\/v2\/types\/page"}],"author":[{"embeddable":true,"href":"https:\/\/piel-l.org\/blog\/wp-json\/wp\/v2\/users\/16"}],"replies":[{"embeddable":true,"href":"https:\/\/piel-l.org\/blog\/wp-json\/wp\/v2\/comments?post=24252"}],"version-history":[{"count":0,"href":"https:\/\/piel-l.org\/blog\/wp-json\/wp\/v2\/pages\/24252\/revisions"}],"wp:attachment":[{"href":"https:\/\/piel-l.org\/blog\/wp-json\/wp\/v2\/media?parent=24252"}],"curies":[{"name":"wp","href":"https:\/\/api.w.org\/{rel}","templated":true}]}}