{"id":45412,"date":"2017-09-29T14:29:46","date_gmt":"2017-09-29T18:59:46","guid":{"rendered":"http:\/\/piel-l.org\/blog\/?page_id=45412"},"modified":"2024-02-19T10:03:29","modified_gmt":"2024-02-19T14:03:29","slug":"educacion-online","status":"publish","type":"page","link":"https:\/\/piel-l.org\/blog\/educacion-online","title":{"rendered":"Educaci\u00f3n Online"},"content":{"rendered":"<p>&nbsp;<\/p>\n<p><img loading=\"lazy\" decoding=\"async\" class=\"aligncenter size-full wp-image-45428\" src=\"http:\/\/piel-l.org\/blog\/wp-content\/uploads\/\/2017\/09\/educacion_virtual_piel.jpg\" alt=\"\" width=\"840\" height=\"480\" srcset=\"https:\/\/piel-l.org\/blog\/wp-content\/uploads\/2017\/09\/educacion_virtual_piel.jpg 840w, https:\/\/piel-l.org\/blog\/wp-content\/uploads\/2017\/09\/educacion_virtual_piel-390x223.jpg 390w, https:\/\/piel-l.org\/blog\/wp-content\/uploads\/2017\/09\/educacion_virtual_piel-768x439.jpg 768w\" sizes=\"auto, (max-width: 840px) 100vw, 840px\" \/><\/p>\n<div class=\"su-heading su-heading-style-default su-heading-align-center\" id=\"\" style=\"font-size:17px;margin-bottom:30px\"><div class=\"su-heading-inner\">LISTADO DE CURSOS DISPONIBLES<\/div><\/div>\n<div class=\"su-list\" style=\"margin-left:0px\">\n<ul>\n<li><i class=\"sui sui-play\" style=\"color:#bbacaf\"><\/i> <span style=\"color: #0000ff;\"><a style=\"color: #0000ff;\" href=\"https:\/\/www.internationalschoolofderma.com\/?utm_source=piel-latinoamericana&amp;utm_medium=listadecursos&amp;utm_campaign=diplomadeexperto#\/anchor-courses-desktop\/\" target=\"_blank\" rel=\"noopener\"><strong>Diplomas de Experto en Exposoma y PIel<\/strong><\/a><\/span><\/li>\n<li><i class=\"sui sui-play\" style=\"color:#bbacaf\"><\/i> Dermatofitosis o Ti\u00f1as<\/li>\n<li><i class=\"sui sui-play\" style=\"color:#bbacaf\"><\/i> Introducci\u00f3n a la Dermatolog\u00eda<\/li>\n<li><i class=\"sui sui-play\" style=\"color:#bbacaf\"><\/i> Actualizaci\u00f3n de Patologia vulvar<\/li>\n<li><i class=\"sui sui-play\" style=\"color:#bbacaf\"><\/i> Introducci\u00f3n a la micolog\u00eda m\u00e9dica<\/li>\n<li><i class=\"sui sui-play\" style=\"color:#bbacaf\"><\/i> Psicodermatolog\u00eda<\/li>\n<li><i class=\"sui sui-play\" style=\"color:#bbacaf\"><\/i> Enfermedades de la Unidad Pilosebacea<\/li>\n<li><i class=\"sui sui-play\" style=\"color:#bbacaf\"><\/i> Conferencias Magistrales<\/li>\n<\/ul>\n<\/div>\n<a href=\"http:\/\/piel-l.org\/blog\/educacion-online\/indice-general-educacion-online\" class=\"su-button su-button-style-flat su-button-wide\" style=\"color:#ffffff;background-color:#C6666D;border-color:#9f5258;border-radius:7px\" target=\"_self\"><span style=\"color:#ffffff;padding:7px 20px;font-size:16px;line-height:24px;border-color:#d89499;border-radius:7px;text-shadow:none\"><i class=\"sui sui-send\" style=\"font-size:16px;color:#ffffff\"><\/i> INGRESAR A CURSOS ONLINE<\/span><\/a>\n<div class=\"su-divider su-divider-style-dotted\" style=\"margin:15px 0;border-width:3px;border-color:#eae9e9\"><\/div>\n","protected":false},"excerpt":{"rendered":"<p>&nbsp;<\/p>\n","protected":false},"author":16,"featured_media":0,"parent":0,"menu_order":0,"comment_status":"closed","ping_status":"closed","template":"","meta":{"footnotes":""},"class_list":["post-45412","page","type-page","status-publish",""],"_links":{"self":[{"href":"https:\/\/piel-l.org\/blog\/wp-json\/wp\/v2\/pages\/45412","targetHints":{"allow":["GET"]}}],"collection":[{"href":"https:\/\/piel-l.org\/blog\/wp-json\/wp\/v2\/pages"}],"about":[{"href":"https:\/\/piel-l.org\/blog\/wp-json\/wp\/v2\/types\/page"}],"author":[{"embeddable":true,"href":"https:\/\/piel-l.org\/blog\/wp-json\/wp\/v2\/users\/16"}],"replies":[{"embeddable":true,"href":"https:\/\/piel-l.org\/blog\/wp-json\/wp\/v2\/comments?post=45412"}],"version-history":[{"count":0,"href":"https:\/\/piel-l.org\/blog\/wp-json\/wp\/v2\/pages\/45412\/revisions"}],"wp:attachment":[{"href":"https:\/\/piel-l.org\/blog\/wp-json\/wp\/v2\/media?parent=45412"}],"curies":[{"name":"wp","href":"https:\/\/api.w.org\/{rel}","templated":true}]}}