{"id":46414,"date":"2018-03-23T15:00:27","date_gmt":"2018-03-23T19:30:27","guid":{"rendered":"https:\/\/piel-l.org\/blog\/?page_id=46414"},"modified":"2018-08-31T22:35:56","modified_gmt":"2018-09-01T03:05:56","slug":"dermatofitosis-o-tinas","status":"publish","type":"page","link":"https:\/\/piel-l.org\/blog\/educacion-online\/dermatofitosis-o-tinas","title":{"rendered":"Dermatofitosis o Ti\u00f1as"},"content":{"rendered":"<div class=\"clear\"><\/div><div class=\"author-info\"><img decoding=\"async\" class=\"author-img\" src=\"http:\/\/piel-l.org\/blog\/wp-content\/uploads\/\/2017\/10\/fernando-gomez-daza.jpg\" alt=\"\" \/><div class=\"author-info-content\"><h3>MSc. Fernando Gomez-Daza<\/h3>\n\t\t\tUniversidad de Carabobo, Valencia. Venezuela\n\t\t\t<\/div><\/div>\n<div class=\"su-divider su-divider-style-dotted\" style=\"margin:15px 0;border-width:1px;border-color:#eae9e9\"><\/div>\n<ul class=\"lesson-list\">\n<li><a href=\"https:\/\/piel-l.org\/blog\/46417\">1. Caracteristicas generales<\/a> 16:02 <i class=\"fa fa-youtube-play\"><\/i><\/li>\n<li><a href=\"https:\/\/piel-l.org\/blog\/46438\">2. Ti\u00f1as en piel lampi\u00f1a. 1ra parte<\/a> 14:31 <i class=\"fa fa-youtube-play\"><\/i><\/li>\n<li><a href=\"https:\/\/piel-l.org\/blog\/46415\">3. Ti\u00f1as en piel lampi\u00f1a. 2da parte<\/a> 17:03 <i class=\"fa fa-youtube-play\"><\/i><\/li>\n<li><a href=\"https:\/\/piel-l.org\/blog\/46437\">4. Ti\u00f1as en piel pilosa. 1ra parte<\/a> 19:22 <i class=\"fa fa-youtube-play\"><\/i><\/li>\n<li><a href=\"https:\/\/piel-l.org\/blog\/46435\">5. Ti\u00f1as en piel pilosa. 2da parte<\/a> 19:19 <i class=\"fa fa-youtube-play\"><\/i><\/li>\n<li><a href=\"https:\/\/piel-l.org\/blog\/46626\">6. Ti\u00f1as en la u\u00f1a<\/a> 18:23 <i class=\"fa fa-youtube-play\"><\/i><\/li>\n<li><a href=\"https:\/\/piel-l.org\/blog\/46780\">7. Micosis Ungueal por Agentes no Dermatof\u00edticos<\/a> 20:54 <i class=\"fa fa-youtube-play\"><\/i><\/li>\n<li><a href=\"https:\/\/piel-l.org\/blog\/46792\">8. Tratamiento<\/a> 10:42 <i class=\"fa fa-youtube-play\"><\/i><\/li>\n<\/ul>\n","protected":false},"excerpt":{"rendered":"<p>1. Caracteristicas generales 16:02 2. Ti\u00f1as en piel lampi\u00f1a. 1ra parte 14:31 3. Ti\u00f1as en piel lampi\u00f1a. 2da parte 17:03 4. Ti\u00f1as en piel pilosa. 1ra parte 19:22 5. Ti\u00f1as en piel pilosa. 2da parte 19:19 6. Ti\u00f1as en la u\u00f1a 18:23 7. Micosis Ungueal por Agentes no Dermatof\u00edticos 20:54 8. Tratamiento 10:42<\/p>\n","protected":false},"author":16,"featured_media":0,"parent":45412,"menu_order":0,"comment_status":"closed","ping_status":"closed","template":"","meta":{"footnotes":""},"class_list":["post-46414","page","type-page","status-publish",""],"_links":{"self":[{"href":"https:\/\/piel-l.org\/blog\/wp-json\/wp\/v2\/pages\/46414","targetHints":{"allow":["GET"]}}],"collection":[{"href":"https:\/\/piel-l.org\/blog\/wp-json\/wp\/v2\/pages"}],"about":[{"href":"https:\/\/piel-l.org\/blog\/wp-json\/wp\/v2\/types\/page"}],"author":[{"embeddable":true,"href":"https:\/\/piel-l.org\/blog\/wp-json\/wp\/v2\/users\/16"}],"replies":[{"embeddable":true,"href":"https:\/\/piel-l.org\/blog\/wp-json\/wp\/v2\/comments?post=46414"}],"version-history":[{"count":0,"href":"https:\/\/piel-l.org\/blog\/wp-json\/wp\/v2\/pages\/46414\/revisions"}],"up":[{"embeddable":true,"href":"https:\/\/piel-l.org\/blog\/wp-json\/wp\/v2\/pages\/45412"}],"wp:attachment":[{"href":"https:\/\/piel-l.org\/blog\/wp-json\/wp\/v2\/media?parent=46414"}],"curies":[{"name":"wp","href":"https:\/\/api.w.org\/{rel}","templated":true}]}}